{"id":721,"date":"2020-10-23T10:17:11","date_gmt":"2020-10-23T10:17:11","guid":{"rendered":"https:\/\/mrhandy.cymolthemes.com\/cleaning\/?page_id=721"},"modified":"2022-06-14T16:49:05","modified_gmt":"2022-06-14T14:49:05","slug":"contact-us-2","status":"publish","type":"page","link":"https:\/\/rennovcanalisation.fr\/?page_id=721","title":{"rendered":"Nous contacter"},"content":{"rendered":"<p>[vc_row cmt_bgimagefixed=\u00a0\u00bb\u00a0\u00bb break_in_responsive=\u00a0\u00bb991&Prime; full_width=\u00a0\u00bbstretch_row\u00a0\u00bb css=\u00a0\u00bb.vc_custom_1606123956357{padding-top: 86px !important;padding-bottom: 66px !important;}\u00a0\u00bb cmt_responsive_css=\u00a0\u00bb52394590|colbreak_no|||||||||colbreak_no|||||50px||50px||colbreak_no||||||||||colbreak_no|||||||||\u00a0\u00bb][vc_column reduce_extra_padding=\u00a0\u00bb991&Prime; width=\u00a0\u00bb1\/3&Prime; css=\u00a0\u00bb.vc_custom_1605852624556{padding-top: 20px !important;padding-right: 25px !important;}\u00a0\u00bb]<div class=\"cmt-element-heading-wrapper cmt-sboxheading-inner cmt-sboxelement-align-left cmt-seperator-none cmt-sboxheading-style-vertical \"><section class=\"cmt-sboxvc_cta3-container\"><div class=\"cmt-vc_general cmt-sboxvc_cta3 cmt-sboxcta3-only cmt-sboxvc_cta3-style-classic cmt-sboxvc_cta3-shape-rounded cmt-sboxvc_cta3-align-left cmt-sboxvc_cta3-color-transparent cmt-sboxvc_cta3-icon-size-md cmt-sboxvc_cta3-actions-no cmt-sboxcta3-with-desc\"><div class=\"cmt-vc_cta3_content-container\"><div class=\"cmt-vc_cta3-content\"><header class=\"cmt-vc_cta3-content-header cmt-section-wrapper \"><div class=\"cmt-sboxvc_cta3-headers cmt-section-wrapper-cell\"><h2 class=\"cmt-custom-heading \" >Si vous avez des questions, n'h\u00e9sitez pas \u00e0 nous contacter !<\/h2>\n<\/div><div class=\"heading-seperator\"><span><\/span><\/div><\/header><div class=\"cmt-sboxcta3-content-wrapper\"><p>Si vous avez besoin d&rsquo;\u00e9claircissement, sentez vous libre de nous \u00e9crire. Nous ferons de notre mieux pour r\u00e9pondre \u00e0 vos questions<\/p><\/div><\/div><\/div><\/div><\/section><\/div> <!-- .cmt-element-heading-wrapper container --> [vc_column_text]<div class=\"cymolthemes-social-links-wrapper\"><ul class=\"social-icons\"><li class=\"cmt-social-facebook\"><a class=\" tooltip-top\" target=\"_blank\" href=\"#\" data-tooltip=\"Facebook\"><i class=\"cmt-mrhandy-icon-facebook\"><\/i><\/a><\/li>\n<li class=\"cmt-social-twitter\"><a class=\" tooltip-top\" target=\"_blank\" href=\"#\" data-tooltip=\"Twitter\"><i class=\"cmt-mrhandy-icon-twitter\"><\/i><\/a><\/li>\n<li class=\"cmt-social-flickr\"><a class=\" tooltip-top\" target=\"_blank\" href=\"#\" data-tooltip=\"Flickr\"><i class=\"cmt-mrhandy-icon-flickr\"><\/i><\/a><\/li>\n<li class=\"cmt-social-linkedin\"><a class=\" tooltip-top\" target=\"_blank\" href=\"\" data-tooltip=\"LinkedIn\"><i class=\"cmt-mrhandy-icon-linkedin\"><\/i><\/a><\/li>\n<\/ul><\/div>[\/vc_column_text][\/vc_column][vc_column reduce_extra_padding=\u00a0\u00bb991&Prime; width=\u00a0\u00bb2\/3&Prime; css=\u00a0\u00bb.vc_custom_1604667557887{padding-left: 30px !important;}\u00a0\u00bb]<div role=\"form\" class=\"wpcf7\" id=\"wpcf7-f725-o1\" lang=\"en-US\" dir=\"ltr\">\n<div class=\"screen-reader-response\"><p role=\"status\" aria-live=\"polite\" aria-atomic=\"true\"><\/p> <ul><\/ul><\/div>\n<form action=\"\/index.php?rest_route=%2Fwp%2Fv2%2Fpages%2F721#wpcf7-f725-o1\" method=\"post\" class=\"wpcf7-form init\" novalidate=\"novalidate\" data-status=\"init\">\n<div style=\"display: none;\">\n<input type=\"hidden\" name=\"_wpcf7\" value=\"725\" \/>\n<input type=\"hidden\" name=\"_wpcf7_version\" value=\"5.4.1\" \/>\n<input type=\"hidden\" name=\"_wpcf7_locale\" value=\"en_US\" \/>\n<input type=\"hidden\" name=\"_wpcf7_unit_tag\" value=\"wpcf7-f725-o1\" \/>\n<input type=\"hidden\" name=\"_wpcf7_container_post\" value=\"0\" \/>\n<input type=\"hidden\" name=\"_wpcf7_posted_data_hash\" value=\"\" \/>\n<\/div>\n<div class=\"cmt-commonform cmt-contact-clean2\">\n<div class=\"row\">\n<div class=\"col-md-6\"><span class=\"wpcf7-form-control-wrap your-name\"><input type=\"text\" name=\"your-name\" value=\"\" size=\"40\" class=\"wpcf7-form-control wpcf7-text wpcf7-validates-as-required\" aria-required=\"true\" aria-invalid=\"false\" placeholder=\"Votre Nom\" \/><\/span><\/div>\n<div class=\"col-md-6\"><span class=\"wpcf7-form-control-wrap your-phone\"><input type=\"text\" name=\"your-phone\" value=\"\" size=\"40\" class=\"wpcf7-form-control wpcf7-text wpcf7-validates-as-required\" aria-required=\"true\" aria-invalid=\"false\" placeholder=\"Votre Pr\u00e9nom\" \/><\/span><\/div>\n<\/div>\n<div class=\"row\">\n<div class=\"col-md-6\"><span class=\"wpcf7-form-control-wrap your-email\"><input type=\"email\" name=\"your-email\" value=\"\" size=\"40\" class=\"wpcf7-form-control wpcf7-text wpcf7-email wpcf7-validates-as-required wpcf7-validates-as-email\" aria-required=\"true\" aria-invalid=\"false\" placeholder=\"Adresse Email\" \/><\/span><\/div>\n<div class=\"col-md-6\"><span class=\"wpcf7-form-control-wrap your-subject\"><input type=\"text\" name=\"your-subject\" value=\"\" size=\"40\" class=\"wpcf7-form-control wpcf7-text wpcf7-validates-as-required\" aria-required=\"true\" aria-invalid=\"false\" placeholder=\"Sujet\" \/><\/span><\/div>\n<\/div>\n<div class=\"row\">\n<div class=\"col-md-12\"><span class=\"wpcf7-form-control-wrap your-detail\"><textarea name=\"your-detail\" cols=\"20\" rows=\"5\" class=\"wpcf7-form-control wpcf7-textarea wpcf7-validates-as-required\" aria-required=\"true\" aria-invalid=\"false\" placeholder=\"Votre Message\"><\/textarea><\/span><\/div>\n<\/div>\n<div class=\"row\">\n<div class=\"col-md-12 cmt-frm-btn\"><input type=\"submit\" value=\"Soumettre votre requ\u00eate\" class=\"wpcf7-form-control wpcf7-submit cmt-vc_general cmt-vc_btn3 cmt-vc_btn3-size-md cmt-vc_btn3-shape-rounded cmt-vc_btn3-color-skincolor\" \/>\n<div class=\"wpcf7-response-output\" aria-hidden=\"true\"><\/div>\n<\/div>\n<\/div>\n<\/div>\n<\/form><\/div>[\/vc_column][\/vc_row][vc_row cmt_bgimagefixed=\u00a0\u00bb\u00a0\u00bb full_width=\u00a0\u00bbstretch_row\u00a0\u00bb css=\u00a0\u00bb.vc_custom_1603450691259{padding-top: 0px !important;padding-bottom: 0px !important;}\u00a0\u00bb][vc_column cmt_bgcolor=\u00a0\u00bbdarkgrey\u00a0\u00bb][vc_empty_space][vc_row_inner][vc_column_inner width=\u00a0\u00bb1\/3&Prime;]<div class=\"cymolthemes-iconbox cymolthemes-iconbox-styleeight  cymolthemes-iconbox-styleone\">\n\t<div class=\"cymolthemes-iconbox-inner cmt-boxicon-small cmt-iconstyle-rounded cmt-iconcolor-white cmt-iconbgcolor-skincolor\">\n\t\t<div class=\"cmt-iconbox-wrapper cmt-section-wrapper\">\n\t\t\t<div class=\"cymolthemes-iconbox-icon cmt-section-wrapper-cell\">\n\t\t\t\t<div class=\"cmt-box-icon\"><i class=\"themifyicon ti-email\"><\/i><\/div>\t\n\t\t\t<\/div>\n\t\t\t<div class=\"cymolthemes-iconbox-heading cmt-section-wrapper-cell\">\n\t\t\t\t<div class=\"cmt-vc_general cmt-sboxvc_cta3 cmt-sboxcta3-only cmt-sboxvc_cta3-style-classic cmt-sboxvc_cta3-shape-rounded cmt-sboxvc_cta3-align-left cmt-sboxvc_cta3-color-transparent cmt-sboxvc_cta3-icon-size-md cmt-sboxvc_cta3-actions-no cmt-sboxcta3-without-desc\"><div class=\"cmt-vc_cta3_content-container\"><div class=\"cmt-vc_cta3-content\"><div class=\"cmt-sboxvc_cta3-headers cmt-section-wrapper-cell\"><h2 class=\"cmt-custom-heading \">Email<\/h2>\n<\/div><div class=\"heading-seperator\"><span><\/span><\/div><\/div><\/div><\/div>\t\t\t\t\t<div class=\"cmt-iconbox-boxcontent\">\t\t\t\n\t\t\t\t\t<div class=\"cmt-cta3-content-wrapper\">serviceclient@expo-dispo.fr<\/div>\t\t\t\t\t<\/div>\n\t\t\t\t\t<div class=\"cymolthemes-iconbox-button\">\n\t\t\t\t\t\t\t\t\t\t<\/div>\n\t\t\t<\/div>\t\n\t\t<\/div>\n\t<\/div>\t\n<\/div>\n[\/vc_column_inner][vc_column_inner width=\u00a0\u00bb1\/3&Prime;]<div class=\"cymolthemes-iconbox cymolthemes-iconbox-styleeight  cymolthemes-iconbox-styleone\">\n\t<div class=\"cymolthemes-iconbox-inner cmt-boxicon-small cmt-iconstyle-rounded cmt-iconcolor-white cmt-iconbgcolor-skincolor\">\n\t\t<div class=\"cmt-iconbox-wrapper cmt-section-wrapper\">\n\t\t\t<div class=\"cymolthemes-iconbox-icon cmt-section-wrapper-cell\">\n\t\t\t\t<div class=\"cmt-box-icon\"><i class=\"themifyicon ti-location-pin\"><\/i><\/div>\t\n\t\t\t<\/div>\n\t\t\t<div class=\"cymolthemes-iconbox-heading cmt-section-wrapper-cell\">\n\t\t\t\t<div class=\"cmt-vc_general cmt-sboxvc_cta3 cmt-sboxcta3-only cmt-sboxvc_cta3-style-classic cmt-sboxvc_cta3-shape-rounded cmt-sboxvc_cta3-align-left cmt-sboxvc_cta3-color-transparent cmt-sboxvc_cta3-icon-size-md cmt-sboxvc_cta3-actions-no cmt-sboxcta3-without-desc\"><div class=\"cmt-vc_cta3_content-container\"><div class=\"cmt-vc_cta3-content\"><div class=\"cmt-sboxvc_cta3-headers cmt-section-wrapper-cell\"><h2 class=\"cmt-custom-heading \">Adresse<\/h2>\n<\/div><div class=\"heading-seperator\"><span><\/span><\/div><\/div><\/div><\/div>\t\t\t\t\t<div class=\"cmt-iconbox-boxcontent\">\t\t\t\n\t\t\t\t\t<div class=\"cmt-cta3-content-wrapper\">Expo-Dispo Solutions Entreprises<br \/>\n7 rue des moines<br \/>\n91460 Marcoussis<br \/>\nFrance<\/div>\t\t\t\t\t<\/div>\n\t\t\t\t\t<div class=\"cymolthemes-iconbox-button\">\n\t\t\t\t\t\t\t\t\t\t<\/div>\n\t\t\t<\/div>\t\n\t\t<\/div>\n\t<\/div>\t\n<\/div>\n[\/vc_column_inner][vc_column_inner width=\u00a0\u00bb1\/3&Prime;]<div class=\"cymolthemes-iconbox cymolthemes-iconbox-styleeight  cymolthemes-iconbox-styleone\">\n\t<div class=\"cymolthemes-iconbox-inner cmt-boxicon-small cmt-iconstyle-rounded cmt-iconcolor-white cmt-iconbgcolor-skincolor\">\n\t\t<div class=\"cmt-iconbox-wrapper cmt-section-wrapper\">\n\t\t\t<div class=\"cymolthemes-iconbox-icon cmt-section-wrapper-cell\">\n\t\t\t\t<div class=\"cmt-box-icon\"><i class=\"themifyicon ti-location-pin\"><\/i><\/div>\t\n\t\t\t<\/div>\n\t\t\t<div class=\"cymolthemes-iconbox-heading cmt-section-wrapper-cell\">\n\t\t\t\t<div class=\"cmt-vc_general cmt-sboxvc_cta3 cmt-sboxcta3-only cmt-sboxvc_cta3-style-classic cmt-sboxvc_cta3-shape-rounded cmt-sboxvc_cta3-align-left cmt-sboxvc_cta3-color-transparent cmt-sboxvc_cta3-icon-size-md cmt-sboxvc_cta3-actions-no cmt-sboxcta3-without-desc\"><div class=\"cmt-vc_cta3_content-container\"><div class=\"cmt-vc_cta3-content\"><div class=\"cmt-sboxvc_cta3-headers cmt-section-wrapper-cell\"><h2 class=\"cmt-custom-heading \">T\u00e9l\u00e9phone<\/h2>\n<\/div><div class=\"heading-seperator\"><span><\/span><\/div><\/div><\/div><\/div>\t\t\t\t\t<div class=\"cmt-iconbox-boxcontent\">\t\t\t\n\t\t\t\t\t<div class=\"cmt-cta3-content-wrapper\">01 64 49 70 95<\/div>\t\t\t\t\t<\/div>\n\t\t\t\t\t<div class=\"cymolthemes-iconbox-button\">\n\t\t\t\t\t\t\t\t\t\t<\/div>\n\t\t\t<\/div>\t\n\t\t<\/div>\n\t<\/div>\t\n<\/div>\n[\/vc_column_inner][\/vc_row_inner][\/vc_column][\/vc_row]<\/p>\n","protected":false},"excerpt":{"rendered":"<p>[vc_row cmt_bgimagefixed=\u00a0\u00bb\u00a0\u00bb break_in_responsive=\u00a0\u00bb991&Prime; full_width=\u00a0\u00bbstretch_row\u00a0\u00bb css=\u00a0\u00bb.vc_custom_1606123956357{padding-top: 86px !important;padding-bottom: 66px !important;}\u00a0\u00bb cmt_responsive_css=\u00a0\u00bb52394590|colbreak_no|||||||||colbreak_no|||||50px||50px||colbreak_no||||||||||colbreak_no|||||||||\u00a0\u00bb][vc_column reduce_extra_padding=\u00a0\u00bb991&Prime; width=\u00a0\u00bb1\/3&Prime; css=\u00a0\u00bb.vc_custom_1605852624556{padding-top: 20px !important;padding-right: 25px !important;}\u00a0\u00bb][vc_column_text][\/vc_column_text][\/vc_column][vc_column reduce_extra_padding=\u00a0\u00bb991&Prime; width=\u00a0\u00bb2\/3&Prime; css=\u00a0\u00bb.vc_custom_1604667557887{padding-left: 30px !important;}\u00a0\u00bb][\/vc_column][\/vc_row][vc_row cmt_bgimagefixed=\u00a0\u00bb\u00a0\u00bb full_width=\u00a0\u00bbstretch_row\u00a0\u00bb css=\u00a0\u00bb.vc_custom_1603450691259{padding-top: 0px !important;padding-bottom: 0px !important;}\u00a0\u00bb][vc_column cmt_bgcolor=\u00a0\u00bbdarkgrey\u00a0\u00bb][vc_empty_space][vc_row_inner][vc_column_inner width=\u00a0\u00bb1\/3&Prime;][\/vc_column_inner][vc_column_inner width=\u00a0\u00bb1\/3&Prime;][\/vc_column_inner][vc_column_inner width=\u00a0\u00bb1\/3&Prime;][\/vc_column_inner][\/vc_row_inner][\/vc_column][\/vc_row]<\/p>\n","protected":false},"author":1,"featured_media":0,"parent":0,"menu_order":0,"comment_status":"closed","ping_status":"closed","template":"","meta":{"footnotes":""},"class_list":["post-721","page","type-page","status-publish","hentry"],"yoast_head":"<!-- This site is optimized with the Yoast SEO plugin v19.0 - https:\/\/yoast.com\/wordpress\/plugins\/seo\/ -->\n<title>Nous contacter - Rennov Canalisations<\/title>\n<meta name=\"robots\" content=\"index, follow, max-snippet:-1, max-image-preview:large, max-video-preview:-1\" \/>\n<link rel=\"canonical\" href=\"https:\/\/rennovcanalisation.fr\/?page_id=721\" \/>\n<meta property=\"og:locale\" content=\"fr_FR\" \/>\n<meta property=\"og:type\" content=\"article\" \/>\n<meta property=\"og:title\" content=\"Nous contacter - Rennov Canalisations\" \/>\n<meta property=\"og:description\" content=\"[vc_row cmt_bgimagefixed=\u00a0\u00bb\u00a0\u00bb break_in_responsive=\u00a0\u00bb991&Prime; full_width=\u00a0\u00bbstretch_row\u00a0\u00bb css=\u00a0\u00bb.vc_custom_1606123956357{padding-top: 86px !important;padding-bottom: 66px !important;}\u00a0\u00bb cmt_responsive_css=\u00a0\u00bb52394590|colbreak_no|||||||||colbreak_no|||||50px||50px||colbreak_no||||||||||colbreak_no|||||||||\u00a0\u00bb][vc_column reduce_extra_padding=\u00a0\u00bb991&Prime; width=\u00a0\u00bb1\/3&Prime; css=\u00a0\u00bb.vc_custom_1605852624556{padding-top: 20px !important;padding-right: 25px !important;}\u00a0\u00bb][vc_column_text][\/vc_column_text][\/vc_column][vc_column reduce_extra_padding=\u00a0\u00bb991&Prime; width=\u00a0\u00bb2\/3&Prime; css=\u00a0\u00bb.vc_custom_1604667557887{padding-left: 30px !important;}\u00a0\u00bb][\/vc_column][\/vc_row][vc_row cmt_bgimagefixed=\u00a0\u00bb\u00a0\u00bb full_width=\u00a0\u00bbstretch_row\u00a0\u00bb css=\u00a0\u00bb.vc_custom_1603450691259{padding-top: 0px !important;padding-bottom: 0px !important;}\u00a0\u00bb][vc_column cmt_bgcolor=\u00a0\u00bbdarkgrey\u00a0\u00bb][vc_empty_space][vc_row_inner][vc_column_inner width=\u00a0\u00bb1\/3&Prime;][\/vc_column_inner][vc_column_inner width=\u00a0\u00bb1\/3&Prime;][\/vc_column_inner][vc_column_inner width=\u00a0\u00bb1\/3&Prime;][\/vc_column_inner][\/vc_row_inner][\/vc_column][\/vc_row]\" \/>\n<meta property=\"og:url\" content=\"https:\/\/rennovcanalisation.fr\/?page_id=721\" \/>\n<meta property=\"og:site_name\" content=\"Rennov Canalisations\" \/>\n<meta property=\"article:modified_time\" content=\"2022-06-14T14:49:05+00:00\" \/>\n<meta name=\"twitter:card\" content=\"summary_large_image\" \/>\n<meta name=\"twitter:label1\" content=\"Dur\u00e9e de lecture estim\u00e9e\" \/>\n\t<meta name=\"twitter:data1\" content=\"1 minute\" \/>\n<script type=\"application\/ld+json\" class=\"yoast-schema-graph\">{\"@context\":\"https:\/\/schema.org\",\"@graph\":[{\"@type\":\"WebSite\",\"@id\":\"https:\/\/rennovcanalisation.fr\/#website\",\"url\":\"https:\/\/rennovcanalisation.fr\/\",\"name\":\"Rennov Canalisations\",\"description\":\"Un site utilisant WordPress\",\"potentialAction\":[{\"@type\":\"SearchAction\",\"target\":{\"@type\":\"EntryPoint\",\"urlTemplate\":\"https:\/\/rennovcanalisation.fr\/?s={search_term_string}\"},\"query-input\":\"required name=search_term_string\"}],\"inLanguage\":\"fr-FR\"},{\"@type\":\"WebPage\",\"@id\":\"https:\/\/rennovcanalisation.fr\/?page_id=721#webpage\",\"url\":\"https:\/\/rennovcanalisation.fr\/?page_id=721\",\"name\":\"Nous contacter - Rennov Canalisations\",\"isPartOf\":{\"@id\":\"https:\/\/rennovcanalisation.fr\/#website\"},\"datePublished\":\"2020-10-23T10:17:11+00:00\",\"dateModified\":\"2022-06-14T14:49:05+00:00\",\"breadcrumb\":{\"@id\":\"https:\/\/rennovcanalisation.fr\/?page_id=721#breadcrumb\"},\"inLanguage\":\"fr-FR\",\"potentialAction\":[{\"@type\":\"ReadAction\",\"target\":[\"https:\/\/rennovcanalisation.fr\/?page_id=721\"]}]},{\"@type\":\"BreadcrumbList\",\"@id\":\"https:\/\/rennovcanalisation.fr\/?page_id=721#breadcrumb\",\"itemListElement\":[{\"@type\":\"ListItem\",\"position\":1,\"name\":\"Accueil\",\"item\":\"https:\/\/rennovcanalisation.fr\/\"},{\"@type\":\"ListItem\",\"position\":2,\"name\":\"Nous contacter\"}]}]}<\/script>\n<!-- \/ Yoast SEO plugin. -->","yoast_head_json":{"title":"Nous contacter - Rennov Canalisations","robots":{"index":"index","follow":"follow","max-snippet":"max-snippet:-1","max-image-preview":"max-image-preview:large","max-video-preview":"max-video-preview:-1"},"canonical":"https:\/\/rennovcanalisation.fr\/?page_id=721","og_locale":"fr_FR","og_type":"article","og_title":"Nous contacter - Rennov Canalisations","og_description":"[vc_row cmt_bgimagefixed=\u00a0\u00bb\u00a0\u00bb break_in_responsive=\u00a0\u00bb991&Prime; full_width=\u00a0\u00bbstretch_row\u00a0\u00bb css=\u00a0\u00bb.vc_custom_1606123956357{padding-top: 86px !important;padding-bottom: 66px !important;}\u00a0\u00bb cmt_responsive_css=\u00a0\u00bb52394590|colbreak_no|||||||||colbreak_no|||||50px||50px||colbreak_no||||||||||colbreak_no|||||||||\u00a0\u00bb][vc_column reduce_extra_padding=\u00a0\u00bb991&Prime; width=\u00a0\u00bb1\/3&Prime; css=\u00a0\u00bb.vc_custom_1605852624556{padding-top: 20px !important;padding-right: 25px !important;}\u00a0\u00bb][vc_column_text][\/vc_column_text][\/vc_column][vc_column reduce_extra_padding=\u00a0\u00bb991&Prime; width=\u00a0\u00bb2\/3&Prime; css=\u00a0\u00bb.vc_custom_1604667557887{padding-left: 30px !important;}\u00a0\u00bb][\/vc_column][\/vc_row][vc_row cmt_bgimagefixed=\u00a0\u00bb\u00a0\u00bb full_width=\u00a0\u00bbstretch_row\u00a0\u00bb css=\u00a0\u00bb.vc_custom_1603450691259{padding-top: 0px !important;padding-bottom: 0px !important;}\u00a0\u00bb][vc_column cmt_bgcolor=\u00a0\u00bbdarkgrey\u00a0\u00bb][vc_empty_space][vc_row_inner][vc_column_inner width=\u00a0\u00bb1\/3&Prime;][\/vc_column_inner][vc_column_inner width=\u00a0\u00bb1\/3&Prime;][\/vc_column_inner][vc_column_inner width=\u00a0\u00bb1\/3&Prime;][\/vc_column_inner][\/vc_row_inner][\/vc_column][\/vc_row]","og_url":"https:\/\/rennovcanalisation.fr\/?page_id=721","og_site_name":"Rennov Canalisations","article_modified_time":"2022-06-14T14:49:05+00:00","twitter_card":"summary_large_image","twitter_misc":{"Dur\u00e9e de lecture estim\u00e9e":"1 minute"},"schema":{"@context":"https:\/\/schema.org","@graph":[{"@type":"WebSite","@id":"https:\/\/rennovcanalisation.fr\/#website","url":"https:\/\/rennovcanalisation.fr\/","name":"Rennov Canalisations","description":"Un site utilisant WordPress","potentialAction":[{"@type":"SearchAction","target":{"@type":"EntryPoint","urlTemplate":"https:\/\/rennovcanalisation.fr\/?s={search_term_string}"},"query-input":"required name=search_term_string"}],"inLanguage":"fr-FR"},{"@type":"WebPage","@id":"https:\/\/rennovcanalisation.fr\/?page_id=721#webpage","url":"https:\/\/rennovcanalisation.fr\/?page_id=721","name":"Nous contacter - Rennov Canalisations","isPartOf":{"@id":"https:\/\/rennovcanalisation.fr\/#website"},"datePublished":"2020-10-23T10:17:11+00:00","dateModified":"2022-06-14T14:49:05+00:00","breadcrumb":{"@id":"https:\/\/rennovcanalisation.fr\/?page_id=721#breadcrumb"},"inLanguage":"fr-FR","potentialAction":[{"@type":"ReadAction","target":["https:\/\/rennovcanalisation.fr\/?page_id=721"]}]},{"@type":"BreadcrumbList","@id":"https:\/\/rennovcanalisation.fr\/?page_id=721#breadcrumb","itemListElement":[{"@type":"ListItem","position":1,"name":"Accueil","item":"https:\/\/rennovcanalisation.fr\/"},{"@type":"ListItem","position":2,"name":"Nous contacter"}]}]}},"_links":{"self":[{"href":"https:\/\/rennovcanalisation.fr\/index.php?rest_route=\/wp\/v2\/pages\/721","targetHints":{"allow":["GET"]}}],"collection":[{"href":"https:\/\/rennovcanalisation.fr\/index.php?rest_route=\/wp\/v2\/pages"}],"about":[{"href":"https:\/\/rennovcanalisation.fr\/index.php?rest_route=\/wp\/v2\/types\/page"}],"author":[{"embeddable":true,"href":"https:\/\/rennovcanalisation.fr\/index.php?rest_route=\/wp\/v2\/users\/1"}],"replies":[{"embeddable":true,"href":"https:\/\/rennovcanalisation.fr\/index.php?rest_route=%2Fwp%2Fv2%2Fcomments&post=721"}],"version-history":[{"count":9,"href":"https:\/\/rennovcanalisation.fr\/index.php?rest_route=\/wp\/v2\/pages\/721\/revisions"}],"predecessor-version":[{"id":1314,"href":"https:\/\/rennovcanalisation.fr\/index.php?rest_route=\/wp\/v2\/pages\/721\/revisions\/1314"}],"wp:attachment":[{"href":"https:\/\/rennovcanalisation.fr\/index.php?rest_route=%2Fwp%2Fv2%2Fmedia&parent=721"}],"curies":[{"name":"wp","href":"https:\/\/api.w.org\/{rel}","templated":true}]}}