{"id":1539,"date":"2022-06-15T10:45:16","date_gmt":"2022-06-15T08:45:16","guid":{"rendered":"https:\/\/rennovcanalisation.fr\/?page_id=1539"},"modified":"2022-06-17T10:53:22","modified_gmt":"2022-06-17T08:53:22","slug":"mentions-legales","status":"publish","type":"page","link":"https:\/\/rennovcanalisation.fr\/?page_id=1539","title":{"rendered":"Mentions L\u00e9gales"},"content":{"rendered":"<p>[vc_row][vc_column][vc_column_text]Le site Internet www.rennovcanalisation.fr est la propri\u00e9t\u00e9 d&rsquo;Expo-Dispo.<\/p>\n<p><strong>H\u00e9bergeur du site<\/strong>: OVH \u2013 2 rue Kellermann, 59100 Roubaix &#8211; num\u00e9ro de t\u00e9l\u00e9phone : 1007<\/p>\n<p>L&rsquo;acc\u00e8s au site, sa consultation et son utilisation sont subordonn\u00e9s \u00e0 l&rsquo;acceptation sans r\u00e9serve des pr\u00e9sentes Conditions G\u00e9n\u00e9rales d&rsquo;Utilisation d&rsquo;Expo-Dispo\u00a0.<\/p>\n<p>&nbsp;<\/p>\n<p>Le site est \u00e9dit\u00e9 par Expo-Dispo Solutions Entreprises, SAS au capital de 1085 euros, immatricul\u00e9e au registre du commerce et des soci\u00e9t\u00e9s avec le num\u00e9ro de <strong>SIRET\u00a080751694300022<\/strong>.<\/p>\n<p>&nbsp;<\/p>\n<p>Le Directeur de Publication de \u00a0Expo-Dispo est Monsieur Philippe Baby-Marinpouy .<\/p>\n<p>&nbsp;<\/p>\n<p><a href=\"http:\/\/www.leboncoin.fr\/popup_siege_social.htm\">Si\u00e8ge social<\/a>\u00a0: 7 rue des moines 91460 Marcoussis.<\/p>\n<p>Email : <a href=\"mailto:serviceclient@expo-dispo.fr\">serviceclient@expo-dispo.fr<\/a><\/p>\n<p>Num\u00e9ro de t\u00e9l\u00e9phone : <a href=\"tel:0164497095\">0164497095<\/a><\/p>\n<p>&nbsp;<\/p>\n<p>Num\u00e9ro de TVA intracommunautaire :<strong><span class=\"apple-converted-space\"> FR91807516943<\/span><\/strong><\/p>\n<p>Num\u00e9ro RCS : Evry B 807 516 943[\/vc_column_text][\/vc_column][\/vc_row]<\/p>\n","protected":false},"excerpt":{"rendered":"<p>[vc_row][vc_column][vc_column_text]Le site Internet www.rennovcanalisation.fr est la propri\u00e9t\u00e9 d&rsquo;Expo-Dispo. H\u00e9bergeur du site: OVH \u2013 2 rue Kellermann, 59100 Roubaix &#8211; num\u00e9ro de t\u00e9l\u00e9phone : 1007 L&rsquo;acc\u00e8s au site, sa consultation et son utilisation sont subordonn\u00e9s \u00e0 l&rsquo;acceptation sans r\u00e9serve des pr\u00e9sentes Conditions G\u00e9n\u00e9rales d&rsquo;Utilisation d&rsquo;Expo-Dispo\u00a0. &nbsp; Le site est \u00e9dit\u00e9 par Expo-Dispo Solutions Entreprises, SAS au &hellip; <a href=\"https:\/\/rennovcanalisation.fr\/?page_id=1539\" class=\"more-link\">Continue reading <span class=\"screen-reader-text\">Mentions L\u00e9gales<\/span><\/a><\/p>\n","protected":false},"author":2,"featured_media":0,"parent":0,"menu_order":0,"comment_status":"closed","ping_status":"closed","template":"","meta":{"footnotes":""},"class_list":["post-1539","page","type-page","status-publish","hentry"],"yoast_head":"<!-- This site is optimized with the Yoast SEO plugin v19.0 - https:\/\/yoast.com\/wordpress\/plugins\/seo\/ -->\n<title>Mentions L\u00e9gales - Rennov Canalisations<\/title>\n<meta name=\"robots\" content=\"index, follow, max-snippet:-1, max-image-preview:large, max-video-preview:-1\" \/>\n<link rel=\"canonical\" href=\"https:\/\/rennovcanalisation.fr\/?page_id=1539\" \/>\n<meta property=\"og:locale\" content=\"fr_FR\" \/>\n<meta property=\"og:type\" content=\"article\" \/>\n<meta property=\"og:title\" content=\"Mentions L\u00e9gales - Rennov Canalisations\" \/>\n<meta property=\"og:description\" content=\"[vc_row][vc_column][vc_column_text]Le site Internet www.rennovcanalisation.fr est la propri\u00e9t\u00e9 d&rsquo;Expo-Dispo. H\u00e9bergeur du site: OVH \u2013 2 rue Kellermann, 59100 Roubaix &#8211; num\u00e9ro de t\u00e9l\u00e9phone : 1007 L&rsquo;acc\u00e8s au site, sa consultation et son utilisation sont subordonn\u00e9s \u00e0 l&rsquo;acceptation sans r\u00e9serve des pr\u00e9sentes Conditions G\u00e9n\u00e9rales d&rsquo;Utilisation d&rsquo;Expo-Dispo\u00a0. &nbsp; Le site est \u00e9dit\u00e9 par Expo-Dispo Solutions Entreprises, SAS au &hellip; Continue reading Mentions L\u00e9gales\" \/>\n<meta property=\"og:url\" content=\"https:\/\/rennovcanalisation.fr\/?page_id=1539\" \/>\n<meta property=\"og:site_name\" content=\"Rennov Canalisations\" \/>\n<meta property=\"article:modified_time\" content=\"2022-06-17T08:53:22+00:00\" \/>\n<meta name=\"twitter:card\" content=\"summary_large_image\" \/>\n<meta name=\"twitter:label1\" content=\"Dur\u00e9e de lecture estim\u00e9e\" \/>\n\t<meta name=\"twitter:data1\" content=\"1 minute\" \/>\n<script type=\"application\/ld+json\" class=\"yoast-schema-graph\">{\"@context\":\"https:\/\/schema.org\",\"@graph\":[{\"@type\":\"WebSite\",\"@id\":\"https:\/\/rennovcanalisation.fr\/#website\",\"url\":\"https:\/\/rennovcanalisation.fr\/\",\"name\":\"Rennov Canalisations\",\"description\":\"Un site utilisant WordPress\",\"potentialAction\":[{\"@type\":\"SearchAction\",\"target\":{\"@type\":\"EntryPoint\",\"urlTemplate\":\"https:\/\/rennovcanalisation.fr\/?s={search_term_string}\"},\"query-input\":\"required name=search_term_string\"}],\"inLanguage\":\"fr-FR\"},{\"@type\":\"WebPage\",\"@id\":\"https:\/\/rennovcanalisation.fr\/?page_id=1539#webpage\",\"url\":\"https:\/\/rennovcanalisation.fr\/?page_id=1539\",\"name\":\"Mentions L\u00e9gales - Rennov Canalisations\",\"isPartOf\":{\"@id\":\"https:\/\/rennovcanalisation.fr\/#website\"},\"datePublished\":\"2022-06-15T08:45:16+00:00\",\"dateModified\":\"2022-06-17T08:53:22+00:00\",\"breadcrumb\":{\"@id\":\"https:\/\/rennovcanalisation.fr\/?page_id=1539#breadcrumb\"},\"inLanguage\":\"fr-FR\",\"potentialAction\":[{\"@type\":\"ReadAction\",\"target\":[\"https:\/\/rennovcanalisation.fr\/?page_id=1539\"]}]},{\"@type\":\"BreadcrumbList\",\"@id\":\"https:\/\/rennovcanalisation.fr\/?page_id=1539#breadcrumb\",\"itemListElement\":[{\"@type\":\"ListItem\",\"position\":1,\"name\":\"Accueil\",\"item\":\"https:\/\/rennovcanalisation.fr\/\"},{\"@type\":\"ListItem\",\"position\":2,\"name\":\"Mentions L\u00e9gales\"}]}]}<\/script>\n<!-- \/ Yoast SEO plugin. -->","yoast_head_json":{"title":"Mentions L\u00e9gales - Rennov Canalisations","robots":{"index":"index","follow":"follow","max-snippet":"max-snippet:-1","max-image-preview":"max-image-preview:large","max-video-preview":"max-video-preview:-1"},"canonical":"https:\/\/rennovcanalisation.fr\/?page_id=1539","og_locale":"fr_FR","og_type":"article","og_title":"Mentions L\u00e9gales - Rennov Canalisations","og_description":"[vc_row][vc_column][vc_column_text]Le site Internet www.rennovcanalisation.fr est la propri\u00e9t\u00e9 d&rsquo;Expo-Dispo. H\u00e9bergeur du site: OVH \u2013 2 rue Kellermann, 59100 Roubaix &#8211; num\u00e9ro de t\u00e9l\u00e9phone : 1007 L&rsquo;acc\u00e8s au site, sa consultation et son utilisation sont subordonn\u00e9s \u00e0 l&rsquo;acceptation sans r\u00e9serve des pr\u00e9sentes Conditions G\u00e9n\u00e9rales d&rsquo;Utilisation d&rsquo;Expo-Dispo\u00a0. &nbsp; Le site est \u00e9dit\u00e9 par Expo-Dispo Solutions Entreprises, SAS au &hellip; Continue reading Mentions L\u00e9gales","og_url":"https:\/\/rennovcanalisation.fr\/?page_id=1539","og_site_name":"Rennov Canalisations","article_modified_time":"2022-06-17T08:53:22+00:00","twitter_card":"summary_large_image","twitter_misc":{"Dur\u00e9e de lecture estim\u00e9e":"1 minute"},"schema":{"@context":"https:\/\/schema.org","@graph":[{"@type":"WebSite","@id":"https:\/\/rennovcanalisation.fr\/#website","url":"https:\/\/rennovcanalisation.fr\/","name":"Rennov Canalisations","description":"Un site utilisant WordPress","potentialAction":[{"@type":"SearchAction","target":{"@type":"EntryPoint","urlTemplate":"https:\/\/rennovcanalisation.fr\/?s={search_term_string}"},"query-input":"required name=search_term_string"}],"inLanguage":"fr-FR"},{"@type":"WebPage","@id":"https:\/\/rennovcanalisation.fr\/?page_id=1539#webpage","url":"https:\/\/rennovcanalisation.fr\/?page_id=1539","name":"Mentions L\u00e9gales - Rennov Canalisations","isPartOf":{"@id":"https:\/\/rennovcanalisation.fr\/#website"},"datePublished":"2022-06-15T08:45:16+00:00","dateModified":"2022-06-17T08:53:22+00:00","breadcrumb":{"@id":"https:\/\/rennovcanalisation.fr\/?page_id=1539#breadcrumb"},"inLanguage":"fr-FR","potentialAction":[{"@type":"ReadAction","target":["https:\/\/rennovcanalisation.fr\/?page_id=1539"]}]},{"@type":"BreadcrumbList","@id":"https:\/\/rennovcanalisation.fr\/?page_id=1539#breadcrumb","itemListElement":[{"@type":"ListItem","position":1,"name":"Accueil","item":"https:\/\/rennovcanalisation.fr\/"},{"@type":"ListItem","position":2,"name":"Mentions L\u00e9gales"}]}]}},"_links":{"self":[{"href":"https:\/\/rennovcanalisation.fr\/index.php?rest_route=\/wp\/v2\/pages\/1539","targetHints":{"allow":["GET"]}}],"collection":[{"href":"https:\/\/rennovcanalisation.fr\/index.php?rest_route=\/wp\/v2\/pages"}],"about":[{"href":"https:\/\/rennovcanalisation.fr\/index.php?rest_route=\/wp\/v2\/types\/page"}],"author":[{"embeddable":true,"href":"https:\/\/rennovcanalisation.fr\/index.php?rest_route=\/wp\/v2\/users\/2"}],"replies":[{"embeddable":true,"href":"https:\/\/rennovcanalisation.fr\/index.php?rest_route=%2Fwp%2Fv2%2Fcomments&post=1539"}],"version-history":[{"count":4,"href":"https:\/\/rennovcanalisation.fr\/index.php?rest_route=\/wp\/v2\/pages\/1539\/revisions"}],"predecessor-version":[{"id":1567,"href":"https:\/\/rennovcanalisation.fr\/index.php?rest_route=\/wp\/v2\/pages\/1539\/revisions\/1567"}],"wp:attachment":[{"href":"https:\/\/rennovcanalisation.fr\/index.php?rest_route=%2Fwp%2Fv2%2Fmedia&parent=1539"}],"curies":[{"name":"wp","href":"https:\/\/api.w.org\/{rel}","templated":true}]}}