{"id":1362,"date":"2022-06-15T10:25:54","date_gmt":"2022-06-15T08:25:54","guid":{"rendered":"https:\/\/rennovcanalisation.fr\/?page_id=1362"},"modified":"2022-06-15T10:33:03","modified_gmt":"2022-06-15T08:33:03","slug":"aides-gouvernementales","status":"publish","type":"page","link":"https:\/\/rennovcanalisation.fr\/?page_id=1362","title":{"rendered":"Aides Gouvernementales"},"content":{"rendered":"<p>[vc_row][vc_column][vc_column_text]<\/p>\n<h2>Ma prime R\u00e9nov<\/h2>\n<p>Une aide gouvernementale pour la r\u00e9novation \u00e9nerg\u00e9tique ouverte \u00e0 tous.<\/p>\n<p>Mise en place en 2020, cette aide gouvernementale \u00e0 pour but d\u2019encourager les propri\u00e9taires \u00e0 effectuer des travaux de r\u00e9novation \u00e9nerg\u00e9tique. Le montant de votre aide sera d\u00e9finit en fonction de vos revenus, et de l\u2019installation \u00e9nerg\u00e9tique souhait\u00e9e.<\/p>\n<p>&nbsp;<\/p>\n<p>&nbsp;<\/p>\n<h2>La prime \u00ab\u00a0Coup de pouce chauffage\/isolation\u00a0\u00bb<\/h2>\n<p>Cette prime permet de prendre en charge vos d\u00e9penses suite au remplacement de votre syst\u00e8me de chauffage. Cette aide ne peut \u00eatre attribu\u00e9e que par les entreprises ayant adh\u00e9r\u00e9 \u00e0 la charte Coup de Pouce Chauffage. Pour b\u00e9n\u00e9ficier de cette aide gouvernementale vous devrez faire r\u00e9aliser vos travaux par un professionnel certifi\u00e9 RGE (reconnu garant de l\u2019environnement).[\/vc_column_text][vc_btn title=\u00a0\u00bbEn savoir plus\u00a0\u00bb color=\u00a0\u00bbwarning\u00a0\u00bb align=\u00a0\u00bbcenter\u00a0\u00bb link=\u00a0\u00bburl:https%3A%2F%2Fwww.service-public.fr%2Fparticuliers%2Fvosdroits%2FN321&Prime;][\/vc_column][\/vc_row]<\/p>\n","protected":false},"excerpt":{"rendered":"<p>[vc_row][vc_column][vc_column_text] Ma prime R\u00e9nov Une aide gouvernementale pour la r\u00e9novation \u00e9nerg\u00e9tique ouverte \u00e0 tous. Mise en place en 2020, cette aide gouvernementale \u00e0 pour but d\u2019encourager les propri\u00e9taires \u00e0 effectuer des travaux de r\u00e9novation \u00e9nerg\u00e9tique. Le montant de votre aide sera d\u00e9finit en fonction de vos revenus, et de l\u2019installation \u00e9nerg\u00e9tique souhait\u00e9e. &nbsp; &nbsp; La &hellip; <a href=\"https:\/\/rennovcanalisation.fr\/?page_id=1362\" class=\"more-link\">Continue reading <span class=\"screen-reader-text\">Aides Gouvernementales<\/span><\/a><\/p>\n","protected":false},"author":2,"featured_media":0,"parent":0,"menu_order":0,"comment_status":"closed","ping_status":"closed","template":"","meta":{"footnotes":""},"class_list":["post-1362","page","type-page","status-publish","hentry"],"yoast_head":"<!-- This site is optimized with the Yoast SEO plugin v19.0 - https:\/\/yoast.com\/wordpress\/plugins\/seo\/ -->\n<title>Aides Gouvernementales - Rennov Canalisations<\/title>\n<meta name=\"robots\" content=\"index, follow, max-snippet:-1, max-image-preview:large, max-video-preview:-1\" \/>\n<link rel=\"canonical\" href=\"https:\/\/rennovcanalisation.fr\/?page_id=1362\" \/>\n<meta property=\"og:locale\" content=\"fr_FR\" \/>\n<meta property=\"og:type\" content=\"article\" \/>\n<meta property=\"og:title\" content=\"Aides Gouvernementales - Rennov Canalisations\" \/>\n<meta property=\"og:description\" content=\"[vc_row][vc_column][vc_column_text] Ma prime R\u00e9nov Une aide gouvernementale pour la r\u00e9novation \u00e9nerg\u00e9tique ouverte \u00e0 tous. Mise en place en 2020, cette aide gouvernementale \u00e0 pour but d\u2019encourager les propri\u00e9taires \u00e0 effectuer des travaux de r\u00e9novation \u00e9nerg\u00e9tique. Le montant de votre aide sera d\u00e9finit en fonction de vos revenus, et de l\u2019installation \u00e9nerg\u00e9tique souhait\u00e9e. &nbsp; &nbsp; La &hellip; Continue reading Aides Gouvernementales\" \/>\n<meta property=\"og:url\" content=\"https:\/\/rennovcanalisation.fr\/?page_id=1362\" \/>\n<meta property=\"og:site_name\" content=\"Rennov Canalisations\" \/>\n<meta property=\"article:modified_time\" content=\"2022-06-15T08:33:03+00:00\" \/>\n<meta name=\"twitter:card\" content=\"summary_large_image\" \/>\n<meta name=\"twitter:label1\" content=\"Dur\u00e9e de lecture estim\u00e9e\" \/>\n\t<meta name=\"twitter:data1\" content=\"1 minute\" \/>\n<script type=\"application\/ld+json\" class=\"yoast-schema-graph\">{\"@context\":\"https:\/\/schema.org\",\"@graph\":[{\"@type\":\"WebSite\",\"@id\":\"https:\/\/rennovcanalisation.fr\/#website\",\"url\":\"https:\/\/rennovcanalisation.fr\/\",\"name\":\"Rennov Canalisations\",\"description\":\"Un site utilisant WordPress\",\"potentialAction\":[{\"@type\":\"SearchAction\",\"target\":{\"@type\":\"EntryPoint\",\"urlTemplate\":\"https:\/\/rennovcanalisation.fr\/?s={search_term_string}\"},\"query-input\":\"required name=search_term_string\"}],\"inLanguage\":\"fr-FR\"},{\"@type\":\"WebPage\",\"@id\":\"https:\/\/rennovcanalisation.fr\/?page_id=1362#webpage\",\"url\":\"https:\/\/rennovcanalisation.fr\/?page_id=1362\",\"name\":\"Aides Gouvernementales - Rennov Canalisations\",\"isPartOf\":{\"@id\":\"https:\/\/rennovcanalisation.fr\/#website\"},\"datePublished\":\"2022-06-15T08:25:54+00:00\",\"dateModified\":\"2022-06-15T08:33:03+00:00\",\"breadcrumb\":{\"@id\":\"https:\/\/rennovcanalisation.fr\/?page_id=1362#breadcrumb\"},\"inLanguage\":\"fr-FR\",\"potentialAction\":[{\"@type\":\"ReadAction\",\"target\":[\"https:\/\/rennovcanalisation.fr\/?page_id=1362\"]}]},{\"@type\":\"BreadcrumbList\",\"@id\":\"https:\/\/rennovcanalisation.fr\/?page_id=1362#breadcrumb\",\"itemListElement\":[{\"@type\":\"ListItem\",\"position\":1,\"name\":\"Accueil\",\"item\":\"https:\/\/rennovcanalisation.fr\/\"},{\"@type\":\"ListItem\",\"position\":2,\"name\":\"Aides Gouvernementales\"}]}]}<\/script>\n<!-- \/ Yoast SEO plugin. -->","yoast_head_json":{"title":"Aides Gouvernementales - Rennov Canalisations","robots":{"index":"index","follow":"follow","max-snippet":"max-snippet:-1","max-image-preview":"max-image-preview:large","max-video-preview":"max-video-preview:-1"},"canonical":"https:\/\/rennovcanalisation.fr\/?page_id=1362","og_locale":"fr_FR","og_type":"article","og_title":"Aides Gouvernementales - Rennov Canalisations","og_description":"[vc_row][vc_column][vc_column_text] Ma prime R\u00e9nov Une aide gouvernementale pour la r\u00e9novation \u00e9nerg\u00e9tique ouverte \u00e0 tous. Mise en place en 2020, cette aide gouvernementale \u00e0 pour but d\u2019encourager les propri\u00e9taires \u00e0 effectuer des travaux de r\u00e9novation \u00e9nerg\u00e9tique. Le montant de votre aide sera d\u00e9finit en fonction de vos revenus, et de l\u2019installation \u00e9nerg\u00e9tique souhait\u00e9e. &nbsp; &nbsp; La &hellip; Continue reading Aides Gouvernementales","og_url":"https:\/\/rennovcanalisation.fr\/?page_id=1362","og_site_name":"Rennov Canalisations","article_modified_time":"2022-06-15T08:33:03+00:00","twitter_card":"summary_large_image","twitter_misc":{"Dur\u00e9e de lecture estim\u00e9e":"1 minute"},"schema":{"@context":"https:\/\/schema.org","@graph":[{"@type":"WebSite","@id":"https:\/\/rennovcanalisation.fr\/#website","url":"https:\/\/rennovcanalisation.fr\/","name":"Rennov Canalisations","description":"Un site utilisant WordPress","potentialAction":[{"@type":"SearchAction","target":{"@type":"EntryPoint","urlTemplate":"https:\/\/rennovcanalisation.fr\/?s={search_term_string}"},"query-input":"required name=search_term_string"}],"inLanguage":"fr-FR"},{"@type":"WebPage","@id":"https:\/\/rennovcanalisation.fr\/?page_id=1362#webpage","url":"https:\/\/rennovcanalisation.fr\/?page_id=1362","name":"Aides Gouvernementales - Rennov Canalisations","isPartOf":{"@id":"https:\/\/rennovcanalisation.fr\/#website"},"datePublished":"2022-06-15T08:25:54+00:00","dateModified":"2022-06-15T08:33:03+00:00","breadcrumb":{"@id":"https:\/\/rennovcanalisation.fr\/?page_id=1362#breadcrumb"},"inLanguage":"fr-FR","potentialAction":[{"@type":"ReadAction","target":["https:\/\/rennovcanalisation.fr\/?page_id=1362"]}]},{"@type":"BreadcrumbList","@id":"https:\/\/rennovcanalisation.fr\/?page_id=1362#breadcrumb","itemListElement":[{"@type":"ListItem","position":1,"name":"Accueil","item":"https:\/\/rennovcanalisation.fr\/"},{"@type":"ListItem","position":2,"name":"Aides Gouvernementales"}]}]}},"_links":{"self":[{"href":"https:\/\/rennovcanalisation.fr\/index.php?rest_route=\/wp\/v2\/pages\/1362","targetHints":{"allow":["GET"]}}],"collection":[{"href":"https:\/\/rennovcanalisation.fr\/index.php?rest_route=\/wp\/v2\/pages"}],"about":[{"href":"https:\/\/rennovcanalisation.fr\/index.php?rest_route=\/wp\/v2\/types\/page"}],"author":[{"embeddable":true,"href":"https:\/\/rennovcanalisation.fr\/index.php?rest_route=\/wp\/v2\/users\/2"}],"replies":[{"embeddable":true,"href":"https:\/\/rennovcanalisation.fr\/index.php?rest_route=%2Fwp%2Fv2%2Fcomments&post=1362"}],"version-history":[{"count":3,"href":"https:\/\/rennovcanalisation.fr\/index.php?rest_route=\/wp\/v2\/pages\/1362\/revisions"}],"predecessor-version":[{"id":1533,"href":"https:\/\/rennovcanalisation.fr\/index.php?rest_route=\/wp\/v2\/pages\/1362\/revisions\/1533"}],"wp:attachment":[{"href":"https:\/\/rennovcanalisation.fr\/index.php?rest_route=%2Fwp%2Fv2%2Fmedia&parent=1362"}],"curies":[{"name":"wp","href":"https:\/\/api.w.org\/{rel}","templated":true}]}}